{"id":9199,"date":"2023-10-10T16:29:08","date_gmt":"2023-10-11T08:07:40","guid":{"rendered":"https:\/\/www.kerpe.cat\/botiga\/impresion-online\/"},"modified":"2026-04-29T08:29:02","modified_gmt":"2026-04-29T06:29:02","slug":"impresion-online","status":"publish","type":"product","link":"https:\/\/www.kerpe.cat\/es\/producto\/impresion-online\/","title":{"rendered":"Impresi\u00f3n online"},"content":{"rendered":"<p>[et_pb_section fb_built=&#8221;1&#8243; _builder_version=&#8221;4.23.1&#8243; custom_padding=&#8221;||0px|||&#8221; global_colors_info=&#8221;{}&#8221;][et_pb_row _builder_version=&#8221;4.16&#8243; width=&#8221;100%&#8221; max_width=&#8221;100%&#8221; custom_padding=&#8221;||0px|||&#8221; global_colors_info=&#8221;{}&#8221;][et_pb_column type=&#8221;4_4&#8243; _builder_version=&#8221;4.16&#8243; custom_padding=&#8221;|||&#8221; global_colors_info=&#8221;{}&#8221; custom_padding__hover=&#8221;|||&#8221;][et_pb_wc_breadcrumb breadcrumb_home_text=&#8221;Inici&#8221; _builder_version=&#8221;4.16&#8243; global_colors_info=&#8221;{}&#8221;][\/et_pb_wc_breadcrumb][et_pb_wc_cart_notice _builder_version=&#8221;4.16&#8243; global_colors_info=&#8221;{}&#8221;][\/et_pb_wc_cart_notice][\/et_pb_column][\/et_pb_row][\/et_pb_section][et_pb_section fb_built=&#8221;1&#8243; _builder_version=&#8221;4.16&#8243; _module_preset=&#8221;default&#8221; custom_padding=&#8221;0px||0px||false|false&#8221; global_colors_info=&#8221;{}&#8221;][et_pb_row _builder_version=&#8221;4.16&#8243; _module_preset=&#8221;default&#8221; width=&#8221;100%&#8221; max_width=&#8221;100%&#8221; custom_padding=&#8221;0px||0px||false|false&#8221; global_colors_info=&#8221;{}&#8221;][et_pb_column type=&#8221;4_4&#8243; _builder_version=&#8221;4.16&#8243; _module_preset=&#8221;default&#8221; global_colors_info=&#8221;{}&#8221;][et_pb_wc_rating _builder_version=&#8221;4.16&#8243; global_colors_info=&#8221;{}&#8221;][\/et_pb_wc_rating][\/et_pb_column][\/et_pb_row][\/et_pb_section][et_pb_section fb_built=&#8221;1&#8243; fullwidth=&#8221;on&#8221; _builder_version=&#8221;4.16&#8243; _module_preset=&#8221;default&#8221; global_colors_info=&#8221;{}&#8221;][et_pb_fullwidth_header title=&#8221;@ET-DC@eyJkeW5hbWljIjp0cnVlLCJjb250ZW50IjoicG9zdF90aXRsZSIsInNldHRpbmdzIjp7ImJlZm9yZSI6IiIsImFmdGVyIjoiIn19@&#8221; button_one_text=&#8221;Instrucciones&#8221; button_one_url=&#8221;#seccio-instruccions&#8221; button_two_text=&#8221;Imprimir&#8221; button_two_url=&#8221;#seccio-imprimir&#8221; _builder_version=&#8221;4.16&#8243; _dynamic_attributes=&#8221;title&#8221; _module_preset=&#8221;default&#8221; content_font=&#8221;|300|||||||&#8221; content_font_size=&#8221;18px&#8221; content_line_height=&#8221;1.4em&#8221; background_enable_color=&#8221;off&#8221; background_layout=&#8221;light&#8221; custom_padding=&#8221;0px|0px|0px|0px|false|false&#8221; global_colors_info=&#8221;{}&#8221;]<\/p>\n<p>Para imprimir no necesitas ni salir de casa. Sigue las instrucciones y env\u00edanos el documento.<br \/> <span style=\"color: #e60073;\"><strong>Nosotros lo imprimimos y t\u00fa s\u00f3lo tendr\u00e1s que pasar a recogerlo.<\/strong><\/span><\/p>\n<p>[\/et_pb_fullwidth_header][\/et_pb_section][et_pb_section fb_built=&#8221;1&#8243; module_id=&#8221;seccio-instruccions&#8221; _builder_version=&#8221;4.23.1&#8243; _module_preset=&#8221;default&#8221; custom_padding=&#8221;||0px||false|false&#8221; hover_enabled=&#8221;0&#8243; global_colors_info=&#8221;{}&#8221; custom_margin=&#8221;||0px||false|false&#8221; sticky_enabled=&#8221;0&#8243;][et_pb_row _builder_version=&#8221;4.16&#8243; _module_preset=&#8221;default&#8221; width=&#8221;100%&#8221; max_width=&#8221;100%&#8221; custom_padding=&#8221;||0px|||&#8221; global_colors_info=&#8221;{}&#8221;][et_pb_column type=&#8221;4_4&#8243; _builder_version=&#8221;4.16&#8243; _module_preset=&#8221;default&#8221; global_colors_info=&#8221;{}&#8221;][et_pb_text _builder_version=&#8221;4.16&#8243; _module_preset=&#8221;default&#8221; global_colors_info=&#8221;{}&#8221;]<\/p>\n<h2><strong style=\"font-weight: bold;color: #e60073;\">Instrucciones:<\/strong> preparaci\u00f3n del documento para imprimir<\/h2>\n<p>[\/et_pb_text][\/et_pb_column][\/et_pb_row][et_pb_row column_structure=&#8221;1_2,1_2&#8243; use_custom_gutter=&#8221;on&#8221; gutter_width=&#8221;4&#8243; module_id=&#8221;instruccions&#8221; _builder_version=&#8221;4.16&#8243; _module_preset=&#8221;default&#8221; background_color=&#8221;#f8f8f0&#8243; width=&#8221;100%&#8221; max_width=&#8221;100%&#8221; custom_padding=&#8221;30px|30px|30px|30px|false|false&#8221; global_colors_info=&#8221;{}&#8221;][et_pb_column type=&#8221;1_2&#8243; _builder_version=&#8221;4.16&#8243; _module_preset=&#8221;default&#8221; global_colors_info=&#8221;{}&#8221;][et_pb_toggle title=&#8221;Construye el documento&#8221; open_toggle_text_color=&#8221;#e60073&#8243; open_toggle_background_color=&#8221;rgba(0,0,0,0)&#8221; closed_toggle_text_color=&#8221;#191919&#8243; closed_toggle_background_color=&#8221;rgba(0,0,0,0)&#8221; icon_color=&#8221;#e60073&#8243; open_icon_color=&#8221;#e60073&#8243; _builder_version=&#8221;4.16&#8243; _module_preset=&#8221;default&#8221; title_text_color=&#8221;#191919&#8243; title_level=&#8221;h3&#8243; body_text_color=&#8221;#191919&#8243; background_color=&#8221;rgba(0,0,0,0)&#8221; custom_padding=&#8221;0px|0px|0px|0px|false|false&#8221; border_width_all=&#8221;0px&#8221; global_colors_info=&#8221;{}&#8221;]<\/p>\n<p>Usa las herramientas que m\u00e1s te convengan para construir tu documento.<\/p>\n<p>[\/et_pb_toggle][et_pb_toggle title=&#8221;Convierte tu trabajo a PDF&#8221; open_toggle_text_color=&#8221;#e60073&#8243; open_toggle_background_color=&#8221;rgba(0,0,0,0)&#8221; closed_toggle_text_color=&#8221;#191919&#8243; closed_toggle_background_color=&#8221;rgba(0,0,0,0)&#8221; icon_color=&#8221;#e60073&#8243; open_icon_color=&#8221;#e60073&#8243; _builder_version=&#8221;4.16&#8243; _module_preset=&#8221;default&#8221; title_text_color=&#8221;#191919&#8243; title_level=&#8221;h3&#8243; body_text_color=&#8221;#191919&#8243; background_color=&#8221;rgba(0,0,0,0)&#8221; custom_padding=&#8221;0px|0px|0px|0px|false|false&#8221; border_width_all=&#8221;0px&#8221; global_colors_info=&#8221;{}&#8221;]Utiliza alguno de los programas de generaci\u00f3n de PDFs para convertir tu trabajo en un archivo PDF. Te explicamos algunos en <a href=\"https:\/\/www.kerpe.cat\/es\/2021\/12\/01\/3-opciones-para-convertir-online-un-word-a-pdf\/\">tutoriales<\/a>.<\/p>\n<p class=\"atenci\u00f3\"><strong>ATENCI\u00d3N:<\/strong> es recomendable que sea en formato <strong>PDF tipo X<\/strong>.<\/p>\n<p>[\/et_pb_toggle][et_pb_toggle title=&#8221;Haz estas verificaciones para no tener ning\u00fan susto&#8221; open_toggle_text_color=&#8221;#e60073&#8243; open_toggle_background_color=&#8221;rgba(0,0,0,0)&#8221; closed_toggle_text_color=&#8221;#191919&#8243; closed_toggle_background_color=&#8221;rgba(0,0,0,0)&#8221; icon_color=&#8221;#e60073&#8243; open_icon_color=&#8221;#e60073&#8243; _builder_version=&#8221;4.16&#8243; _module_preset=&#8221;default&#8221; title_text_color=&#8221;#191919&#8243; title_level=&#8221;h3&#8243; body_text_color=&#8221;#191919&#8243; background_color=&#8221;rgba(0,0,0,0)&#8221; custom_padding=&#8221;0px|0px|0px|0px|false|false&#8221; border_width_all=&#8221;0px&#8221; global_colors_info=&#8221;{}&#8221;]<\/p>\n<ul>\n<li><strong>Incrusta las fuentes en el documento. <\/strong>Si no lo haces as\u00ed no podemos garantizar que el documento se imprima exactamente como quieres.<\/li>\n<li>El <strong>tama\u00f1o del documento<\/strong> debe ser el mismo que quieras imprimir. Es decir, si quieres imprimir un DIN-A3, configura tu documento para que sea DIN-A3. Si das un DIN-A4, no hace una ampliaci\u00f3n, simplemente lo imprime en medio del DIN-A3.<\/li>\n<li>Todas las p\u00e1ginas del documento deben tener la misma orientaci\u00f3n.<\/li>\n<li>Aseg\u00farate de tener derecho legal a imprimir el documento. Nosotros respetamos los <strong>derechos de autor<\/strong>, ay\u00fadanos a ello.<\/li>\n<li>Comprueba los <a title=\"T\u00e9rminos y condiciones\" href=\"https:\/\/www.kerpe.cat\/es\/condiciones-generales\/\" target=\"_blank\" rel=\"noopener noreferrer\">t\u00e9rminos y condiciones<\/a> de nuestro servicio. (El enlace se abre en una p\u00e1gina aparte)<\/li>\n<\/ul>\n<p>[\/et_pb_toggle][et_pb_toggle title=&#8221;Sube el documento PDF&#8221; open_toggle_text_color=&#8221;#e60073&#8243; open_toggle_background_color=&#8221;rgba(0,0,0,0)&#8221; closed_toggle_text_color=&#8221;#191919&#8243; closed_toggle_background_color=&#8221;rgba(0,0,0,0)&#8221; icon_color=&#8221;#e60073&#8243; open_icon_color=&#8221;#e60073&#8243; _builder_version=&#8221;4.16&#8243; _module_preset=&#8221;default&#8221; title_text_color=&#8221;#191919&#8243; title_level=&#8221;h3&#8243; body_text_color=&#8221;#191919&#8243; background_color=&#8221;rgba(0,0,0,0)&#8221; custom_padding=&#8221;0px|0px|0px|0px|false|false&#8221; border_width_all=&#8221;0px&#8221; global_colors_info=&#8221;{}&#8221;]Elige el documento PDF con el bot\u00f3n <em>Seleccionar documentos PDF<\/em> o arrastra el archivo sobre esta zona. El archivo se cargar\u00e1 autom\u00e1ticamente y podr\u00e1s ver una previsualizaci\u00f3n del documento. Contar\u00e1 autom\u00e1ticamente el n\u00famero de p\u00e1ginas. <strong>Comprueba que el documento sea correcto y el n\u00famero de p\u00e1ginas tambi\u00e9n<\/strong>.[\/et_pb_toggle][et_pb_toggle title=&#8221;Configura la impresi\u00f3n&#8221; open_toggle_text_color=&#8221;#e60073&#8243; open_toggle_background_color=&#8221;rgba(0,0,0,0)&#8221; closed_toggle_text_color=&#8221;#191919&#8243; closed_toggle_background_color=&#8221;rgba(0,0,0,0)&#8221; icon_color=&#8221;#e60073&#8243; open_icon_color=&#8221;#e60073&#8243; _builder_version=&#8221;4.16&#8243; _module_preset=&#8221;default&#8221; title_text_color=&#8221;#191919&#8243; title_level=&#8221;h3&#8243; body_text_color=&#8221;#191919&#8243; background_color=&#8221;rgba(0,0,0,0)&#8221; custom_padding=&#8221;0px|0px|0px|0px|false|false&#8221; border_width_all=&#8221;0px&#8221; global_colors_info=&#8221;{}&#8221;]Selecciona los par\u00e1metros de tu impresi\u00f3n:<\/p>\n<ul>\n<li>Tama\u00f1o del papel sobre el que se imprime: DIN-A3 o DIN-A4.<\/li>\n<li>Color o Blanco y negro.<\/li>\n<li>Doble cara o una sola cara.<\/li>\n<li>La encuadernaci\u00f3n, si quieres.<\/li>\n<\/ul>\n<p>Escoge el n\u00famero de copias que necesites.<\/p>\n<p>El precio se calcula autom\u00e1ticamente a partir de estos par\u00e1metros.[\/et_pb_toggle][\/et_pb_column][et_pb_column type=&#8221;1_2&#8243; _builder_version=&#8221;4.16&#8243; _module_preset=&#8221;default&#8221; global_colors_info=&#8221;{}&#8221;][et_pb_toggle title=&#8221;A\u00f1ade la impresi\u00f3n al carrito&#8221; open_toggle_text_color=&#8221;#e60073&#8243; open_toggle_background_color=&#8221;rgba(0,0,0,0)&#8221; closed_toggle_text_color=&#8221;#191919&#8243; closed_toggle_background_color=&#8221;rgba(0,0,0,0)&#8221; icon_color=&#8221;#e60073&#8243; open_icon_color=&#8221;#e60073&#8243; _builder_version=&#8221;4.16&#8243; _module_preset=&#8221;default&#8221; title_text_color=&#8221;#191919&#8243; title_level=&#8221;h3&#8243; body_text_color=&#8221;#191919&#8243; background_color=&#8221;rgba(0,0,0,0)&#8221; custom_padding=&#8221;0px|0px|0px|0px|false|false&#8221; border_width_all=&#8221;0px&#8221; global_colors_info=&#8221;{}&#8221;]<\/p>\n<p>Una vez hayas a\u00f1adido el producto a la cesta, puedes, si lo necesitas, cambiar las caracter\u00edsticas de la impresi\u00f3n y enviarla de nuevo o subir otro documento.<\/p>\n<p>[\/et_pb_toggle][et_pb_toggle title=&#8221;Completa y paga el pedido&#8221; open_toggle_text_color=&#8221;#e60073&#8243; open_toggle_background_color=&#8221;rgba(0,0,0,0)&#8221; closed_toggle_text_color=&#8221;#191919&#8243; closed_toggle_background_color=&#8221;rgba(0,0,0,0)&#8221; icon_color=&#8221;#e60073&#8243; open_icon_color=&#8221;#e60073&#8243; _builder_version=&#8221;4.16&#8243; _module_preset=&#8221;default&#8221; title_text_color=&#8221;#191919&#8243; title_level=&#8221;h3&#8243; body_text_color=&#8221;#191919&#8243; background_color=&#8221;rgba(0,0,0,0)&#8221; custom_padding=&#8221;0px|0px|0px|0px|false|false&#8221; border_width_all=&#8221;0px&#8221; global_colors_info=&#8221;{}&#8221;]<\/p>\n<p>Puedes completar el pedido y pagar desde la cesta lateral de la web.<\/p>\n<p>Te enviaremos un correo dici\u00e9ndote que hemos recibido tu pedido.<\/p>\n<p>[\/et_pb_toggle][et_pb_toggle title=&#8221;Ahora es nuestro turno&#8221; open_toggle_text_color=&#8221;#e60073&#8243; open_toggle_background_color=&#8221;rgba(0,0,0,0)&#8221; closed_toggle_text_color=&#8221;#191919&#8243; closed_toggle_background_color=&#8221;rgba(0,0,0,0)&#8221; icon_color=&#8221;#e60073&#8243; open_icon_color=&#8221;#e60073&#8243; _builder_version=&#8221;4.16&#8243; _module_preset=&#8221;default&#8221; title_text_color=&#8221;#191919&#8243; title_level=&#8221;h3&#8243; body_text_color=&#8221;#191919&#8243; background_color=&#8221;rgba(0,0,0,0)&#8221; custom_padding=&#8221;0px|0px|0px|0px|false|false&#8221; border_width_all=&#8221;0px&#8221; global_colors_info=&#8221;{}&#8221;]<\/p>\n<p>Empezaremos a imprimir tan pronto como sea posible.<\/p>\n<p>Normalmente en unos minutos si es nuestro horario laboral. En fin de semana no hacemos impresiones.<\/p>\n<p>[\/et_pb_toggle][et_pb_toggle title=&#8221;Te enviaremos un mail cuando estemos&#8221; open_toggle_text_color=&#8221;#e60073&#8243; open_toggle_background_color=&#8221;rgba(0,0,0,0)&#8221; closed_toggle_text_color=&#8221;#191919&#8243; closed_toggle_background_color=&#8221;rgba(0,0,0,0)&#8221; icon_color=&#8221;#e60073&#8243; open_icon_color=&#8221;#e60073&#8243; _builder_version=&#8221;4.16&#8243; _module_preset=&#8221;default&#8221; title_text_color=&#8221;#191919&#8243; title_level=&#8221;h3&#8243; body_text_color=&#8221;#191919&#8243; background_color=&#8221;rgba(0,0,0,0)&#8221; custom_padding=&#8221;0px|0px|0px|0px|false|false&#8221; border_width_all=&#8221;0px&#8221; global_colors_info=&#8221;{}&#8221;]<\/p>\n<p>Podr\u00e1s pasar a recogerlo r\u00e1pido por la tienda.<\/p>\n<p>Di que vienes a recoger una impresi\u00f3n de la web y <strong>no hagas cola<\/strong>.<\/p>\n<p>[\/et_pb_toggle][\/et_pb_column][\/et_pb_row][et_pb_row _builder_version=&#8221;4.16&#8243; _module_preset=&#8221;default&#8221; width=&#8221;100%&#8221; max_width=&#8221;100%&#8221; custom_padding=&#8221;||0px|||&#8221; global_colors_info=&#8221;{}&#8221;][et_pb_column type=&#8221;4_4&#8243; _builder_version=&#8221;4.16&#8243; _module_preset=&#8221;default&#8221; global_colors_info=&#8221;{}&#8221;][et_pb_text _builder_version=&#8221;4.23.1&#8243; _module_preset=&#8221;default&#8221; global_colors_info=&#8221;{}&#8221;]El papel utilizado es blanco de 80 gramos. Cualquier otra opci\u00f3n ponte en <a href=\"https:\/\/www.kerpe.cat\/es\/contacto\/\">contacto con nosotros<\/a>.[\/et_pb_text][\/et_pb_column][\/et_pb_row][\/et_pb_section][et_pb_section fb_built=&#8221;1&#8243; _builder_version=&#8221;4.23.1&#8243; custom_margin=&#8221;||||false|false&#8221; custom_padding=&#8221;50px||||false|false&#8221; hover_enabled=&#8221;0&#8243; global_colors_info=&#8221;{}&#8221; custom_padding_last_edited=&#8221;on|phone&#8221; custom_padding_phone=&#8221;30px||||false|false&#8221; sticky_enabled=&#8221;0&#8243; custom_padding_tablet=&#8221;50px||||false|false&#8221;][et_pb_row _builder_version=&#8221;4.16&#8243; background_color=&#8221;#f8f8f0&#8243; width=&#8221;100%&#8221; max_width=&#8221;100%&#8221; custom_padding=&#8221;30px|30px|30px|30px|false|false&#8221; global_colors_info=&#8221;{}&#8221;][et_pb_column type=&#8221;4_4&#8243; _builder_version=&#8221;4.16&#8243; _module_preset=&#8221;default&#8221; global_colors_info=&#8221;{}&#8221;][et_pb_blurb title=&#8221;Descuentos&#8221; use_icon=&#8221;on&#8221; font_icon=&#8221;&#x69;||divi||400&#8243; image_icon_width=&#8221;40px&#8221; icon_placement_tablet=&#8221;top&#8221; icon_placement_phone=&#8221;&#8221; icon_placement_last_edited=&#8221;on|tablet&#8221; image_icon_width_tablet=&#8221;40px&#8221; image_icon_width_phone=&#8221;40px&#8221; image_icon_width_last_edited=&#8221;on|tablet&#8221; _builder_version=&#8221;4.23.1&#8243; _module_preset=&#8221;2eba049f-bf80-43c7-be23-f02c1e881331&#8243; image_icon_custom_padding_tablet=&#8221;&#8221; image_icon_custom_padding_phone=&#8221;&#8221; image_icon_custom_padding_last_edited=&#8221;on|tablet&#8221; border_width_all_image_tablet=&#8221;&#8221; border_width_all_image_phone=&#8221;&#8221; border_width_all_image_last_edited=&#8221;on|tablet&#8221; icon_font_size=&#8221;40px&#8221; global_colors_info=&#8221;{}&#8221;]<span style=\"color: #e60073;\">Una vez a\u00f1adas el pedido a la cesta<\/span>, calcularemos el descuento de acuerdo con el n\u00famero total de p\u00e1ginas que pidas utilizando esta tabla.<\/p>\n<table class=\"taula-de-preus\" style=\"margin-top: 30px; width: 100%;\">\n<tbody>\n<tr>\n<td rowspan=\"2\"><\/td>\n<th colspan=\"2\">Blanco y negro<\/th>\n<th colspan=\"2\">Color<\/th>\n<\/tr>\n<tr>\n<th>A4<\/th>\n<th>A3<\/th>\n<th>A4<\/th>\n<th>A3<\/th>\n<th><\/th>\n<\/tr>\n<tr class=\"preu\">\n<th>1-50 p\u00e1g.<\/th>\n<td>0,100\u20ac<\/td>\n<td>0,200\u20ac<\/td>\n<td>0,400\u20ac<\/td>\n<td>0,800\u20ac<\/td>\n<\/tr>\n<tr class=\"preu\">\n<th>51-200 p\u00e1g.<\/th>\n<td>0,080\u20ac<\/td>\n<td>0,160\u20ac<\/td>\n<td>0,340\u20ac<\/td>\n<td>0,680\u20ac<\/td>\n<\/tr>\n<tr class=\"preu\">\n<th>201-500 p\u00e1g.<\/th>\n<td>0,072\u20ac<\/td>\n<td>0,144\u20ac<\/td>\n<td>0,270\u20ac<\/td>\n<td>0,540\u20ac<\/td>\n<\/tr>\n<tr class=\"preu\">\n<th>501-1000 p\u00e1g.<\/th>\n<td>0,065\u20ac<\/td>\n<td>0,130\u20ac<\/td>\n<td>0,200\u20ac<\/td>\n<td>0,400\u20ac<\/td>\n<\/tr>\n<tr>\n<th colspan=\"5\">Si tienes que imprimir m\u00e1s de 1000 p\u00e1ginas, <a href=\"https:\/\/www.kerpe.cat\/es\/contacto\/\">contacta con nosotros<\/a> y te haremos una oferta a\u00fan m\u00e1s competitiva<\/th>\n<\/tr>\n<\/tbody>\n<\/table>\n<p>[\/et_pb_blurb][\/et_pb_column][\/et_pb_row][\/et_pb_section][et_pb_section fb_built=&#8221;1&#8243; module_id=&#8221;seccio-imprimir&#8221; _builder_version=&#8221;4.16&#8243; global_colors_info=&#8221;{}&#8221;][et_pb_row _builder_version=&#8221;4.16&#8243; _module_preset=&#8221;default&#8221; width=&#8221;100%&#8221; max_width=&#8221;100%&#8221; custom_padding=&#8221;||0px|||&#8221; global_colors_info=&#8221;{}&#8221;][et_pb_column type=&#8221;4_4&#8243; _builder_version=&#8221;4.16&#8243; _module_preset=&#8221;default&#8221; global_colors_info=&#8221;{}&#8221;][et_pb_text _builder_version=&#8221;4.16&#8243; _module_preset=&#8221;default&#8221; global_colors_info=&#8221;{}&#8221;]<\/p>\n<h2><strong style=\"font-weight: bold; color: #e60073;\">Imprimir:<\/strong> Sube los archivos y termina la configuraci\u00f3n<\/h2>\n<p>[\/et_pb_text][\/et_pb_column][\/et_pb_row][et_pb_row custom_padding_last_edited=&#8221;on|phone&#8221; _builder_version=&#8221;4.16&#8243; background_color=&#8221;#f8f8f0&#8243; width=&#8221;100%&#8221; max_width=&#8221;100%&#8221; custom_padding=&#8221;30px|30px|30px|30px|false|false&#8221; custom_padding_tablet=&#8221;15px|15px|15px|15px|false|false&#8221; custom_padding_phone=&#8221;5px|5px|5px|5px|false|false&#8221; global_colors_info=&#8221;{}&#8221;][et_pb_column type=&#8221;4_4&#8243; _builder_version=&#8221;4.16&#8243; _module_preset=&#8221;default&#8221; global_colors_info=&#8221;{}&#8221;][et_pb_text admin_label=&#8221;Printer App&#8221; module_id=&#8221;printer-app&#8221; _builder_version=&#8221;4.16&#8243; _module_preset=&#8221;default&#8221; global_colors_info=&#8221;{}&#8221;]<\/p>\n<div><div id='react-printer-app'><\/div><\/div>\n<p>[\/et_pb_text][\/et_pb_column][\/et_pb_row][et_pb_row _builder_version=&#8221;4.23.1&#8243; _module_preset=&#8221;default&#8221; width=&#8221;100%&#8221; custom_padding=&#8221;0px|0px|0px|0px|true|true&#8221; custom_css_free_form=&#8221;selector div {||  width: 100%;||}&#8221; global_colors_info=&#8221;{}&#8221;][et_pb_column type=&#8221;4_4&#8243; _builder_version=&#8221;4.16&#8243; _module_preset=&#8221;default&#8221; global_colors_info=&#8221;{}&#8221;][et_pb_text _builder_version=&#8221;4.23.1&#8243; _module_preset=&#8221;default&#8221; text_font_size=&#8221;14px&#8221; custom_css_free_form=&#8221;selector p {||  font-size: 14px !important;||}&#8221; global_colors_info=&#8221;{}&#8221;]<\/p>\n<p>* El descuento del n\u00famero total de p\u00e1ginas se aplicar\u00e1 una vez hayas a\u00f1adido el pedido a la cesta. El precio actual es sin descuento.<\/p>\n<p>[\/et_pb_text][\/et_pb_column][\/et_pb_row][\/et_pb_section][et_pb_section fb_built=&#8221;1&#8243; _builder_version=&#8221;4.16&#8243; global_colors_info=&#8221;{}&#8221;][et_pb_row _builder_version=&#8221;4.16&#8243; width=&#8221;100%&#8221; max_width=&#8221;100%&#8221; global_colors_info=&#8221;{}&#8221;][et_pb_column type=&#8221;4_4&#8243; _builder_version=&#8221;4.16&#8243; custom_padding=&#8221;|||&#8221; global_colors_info=&#8221;{}&#8221; custom_padding__hover=&#8221;|||&#8221;][et_pb_wc_tabs include_tabs=&#8221;|reviews&#8221; _builder_version=&#8221;4.16&#8243; global_colors_info=&#8221;{}&#8221;]\t\t\t\t\t[\/et_pb_wc_tabs][et_pb_wc_upsells _builder_version=&#8221;4.16&#8243; global_colors_info=&#8221;{}&#8221;][\/et_pb_wc_upsells][\/et_pb_column][\/et_pb_row][\/et_pb_section]<\/p>\n","protected":false},"excerpt":{"rendered":"<p>Para imprimir no necesitas ni salir de casa. Sigue las instrucciones y env\u00edanos el documento. Nosotros lo imprimimos y t\u00fa s\u00f3lo tendr\u00e1s que pasar a recogerlo.Instrucciones: preparaci\u00f3n del documento para imprimirUsa las herramientas que m\u00e1s te convengan para construir tu documento.Utiliza alguno de los programas de generaci\u00f3n de PDFs para convertir tu trabajo en un [&hellip;]<\/p>\n","protected":false},"featured_media":0,"comment_status":"open","ping_status":"closed","template":"","meta":{"_et_pb_use_builder":"on","_et_pb_old_content":"","_et_gb_content_width":"","footnotes":""},"product_brand":[],"product_cat":[87],"product_tag":[],"class_list":{"0":"post-9199","1":"product","2":"type-product","3":"status-publish","5":"product_cat-impressio-web-es","7":"first","8":"instock","9":"featured","10":"virtual","11":"taxable","12":"purchasable","13":"product-type-simple"},"exclude_global_add_ons":[],"addons":[],"_links":{"self":[{"href":"https:\/\/www.kerpe.cat\/es\/wp-json\/wp\/v2\/product\/9199","targetHints":{"allow":["GET"]}}],"collection":[{"href":"https:\/\/www.kerpe.cat\/es\/wp-json\/wp\/v2\/product"}],"about":[{"href":"https:\/\/www.kerpe.cat\/es\/wp-json\/wp\/v2\/types\/product"}],"replies":[{"embeddable":true,"href":"https:\/\/www.kerpe.cat\/es\/wp-json\/wp\/v2\/comments?post=9199"}],"version-history":[{"count":47,"href":"https:\/\/www.kerpe.cat\/es\/wp-json\/wp\/v2\/product\/9199\/revisions"}],"predecessor-version":[{"id":23499,"href":"https:\/\/www.kerpe.cat\/es\/wp-json\/wp\/v2\/product\/9199\/revisions\/23499"}],"wp:attachment":[{"href":"https:\/\/www.kerpe.cat\/es\/wp-json\/wp\/v2\/media?parent=9199"}],"wp:term":[{"taxonomy":"product_brand","embeddable":true,"href":"https:\/\/www.kerpe.cat\/es\/wp-json\/wp\/v2\/product_brand?post=9199"},{"taxonomy":"product_cat","embeddable":true,"href":"https:\/\/www.kerpe.cat\/es\/wp-json\/wp\/v2\/product_cat?post=9199"},{"taxonomy":"product_tag","embeddable":true,"href":"https:\/\/www.kerpe.cat\/es\/wp-json\/wp\/v2\/product_tag?post=9199"}],"curies":[{"name":"wp","href":"https:\/\/api.w.org\/{rel}","templated":true}]}}